







{"id":292,"date":"2018-12-10T09:45:18","date_gmt":"2018-12-10T07:45:18","guid":{"rendered":"http:\/\/wp-test.autoexpo-portal.de\/?page_id=292"},"modified":"2025-12-04T15:48:08","modified_gmt":"2025-12-04T14:48:08","slug":"downloads","status":"publish","type":"page","link":"https:\/\/wp.autoexpo-portal.de\/index.php\/downloads\/","title":{"rendered":"Downloads"},"content":{"rendered":"\t\t<div data-elementor-type=\"wp-post\" data-elementor-id=\"292\" class=\"elementor elementor-292\">\n\t\t\t\t\t\t<section class=\"elementor-section elementor-top-section elementor-element elementor-element-3fc3faac elementor-section-boxed elementor-section-height-default elementor-section-height-default\" data-id=\"3fc3faac\" data-element_type=\"section\" data-e-type=\"section\">\n\t\t\t\t\t\t<div class=\"elementor-container elementor-column-gap-default\">\n\t\t\t\t\t<div class=\"elementor-column elementor-col-100 elementor-top-column elementor-element elementor-element-6ff1f7e2\" data-id=\"6ff1f7e2\" data-element_type=\"column\" data-e-type=\"column\">\n\t\t\t<div class=\"elementor-widget-wrap elementor-element-populated\">\n\t\t\t\t\t\t<div class=\"elementor-element elementor-element-94604ff elementor-widget elementor-widget-text-editor\" data-id=\"94604ff\" data-element_type=\"widget\" data-e-type=\"widget\" data-widget_type=\"text-editor.default\">\n\t\t\t\t\t\t\t\t\t<h1 class=\"autoexpo-title\">Downloads<\/h1>\n\n<h2 class=\"autoexpo-subtitle\">Fahrzeugkauf:<\/h2>\n<a style=\"color: #333333;\" href=\"https:\/\/wp.autoexpo-portal.de\/wp-content\/uploads\/2022\/11\/autoexpo_prospekt_haendler_ES_210x210_11_2022_klein.pdf\" target=\"_blank\" rel=\"noopener noreferrer\">Info Flyer H\u00e4ndler<\/a><br>\n<a style=\"color: #333333;\" href=\"https:\/\/wp.autoexpo-portal.de\/wp-content\/uploads\/2023\/04\/information_bargeldloser_zahlungsverkehr_DE_2023.pdf\" target=\"_blank\" rel=\"noopener noreferrer\">Information bargeldloser Zahlungsverkehr<\/a><br>\n<a style=\"color: #333333;\" href=\"https:\/\/wp.autoexpo-portal.de\/wp-content\/uploads\/2023\/04\/information_bargeldloser_zahlungsverkehr_EN_2023.pdf\" target=\"_blank\" rel=\"noopener noreferrer\">Information bargeldloser Zahlungsverkehr englisch<\/a><br>\n<a style=\"color: #333333;\" href=\"https:\/\/wp.autoexpo-portal.de\/wp-content\/uploads\/2023\/06\/autoexpo_leitfaden_06_2023_final.pdf\" target=\"_blank\" rel=\"noopener noreferrer\">Leitfaden \u201eKauf durch Privatkunden&#8221;<\/a><br>\n<a style=\"color: #333333;\" href=\"https:\/\/wp.autoexpo-portal.de\/wp-content\/uploads\/2023\/04\/abholvollmacht_2023.pdf\" target=\"_blank\" rel=\"noopener noreferrer\">Abholvollmacht<\/a><br>\n\n<h2 class=\"autoexpo-subtitle\">Reparaturkostenversicherung:<\/h2>\n<a style=\"color: #333333;\" href=\"https:\/\/wp.autoexpo-portal.de\/wp-content\/uploads\/2024\/02\/Reparaturkostenversicherungsbedingungen.pdf\" target=\"_blank\" rel=\"noopener noreferrer\">Reparaturkostenversicherungsbedingungen<\/a><br>\n<a style=\"color: #333333;\" href=\"https:\/\/wp.autoexpo-portal.de\/wp-content\/uploads\/2023\/02\/Schadensabwicklung_RealGarant.pdf\" target=\"_blank\" rel=\"noopener noreferrer\">Schadensabwicklung<\/a><br>\n<a style=\"color: #333333;\" href=\"https:\/\/wp.autoexpo-portal.de\/wp-content\/uploads\/2023\/02\/Schadensanzeige_RealGarant.pdf\" target=\"_blank\" rel=\"noopener noreferrer\">Schadensanzeige<\/a><br>\n\n<h2 class=\"autoexpo-subtitle\">R\u00fcckgabe durch Leasingnehmer:<\/h2>\n<a style=\"color: #333333;\" href=\"https:\/\/wp.autoexpo-portal.de\/wp-content\/uploads\/2021\/04\/Checkliste-Fahrzeug-Abgabe-2021-04_final.pdf\" target=\"_blank\" rel=\"noopener noreferrer\">Checkliste Leasingnehmer<\/a><br>\n\n<h2 class=\"autoexpo-subtitle\">Export:<\/h2>\n<a style=\"color: #333333;\" href=\"https:\/\/wp.autoexpo-portal.de\/wp-content\/uploads\/2025\/09\/Leitfaden_bruttoexport_Efta-Drittland_DE_2023b.pdf\" target=\"_blank\" rel=\"noopener noreferrer\">Leitfaden Bruttoexport Efta-Drittland deutsch<\/a><br>\n<a style=\"color: #333333;\" href=\"https:\/\/wp.autoexpo-portal.de\/wp-content\/uploads\/2025\/09\/Leitfaden_bruttoexport_Efta-Drittland_EN_2023b.pdf\" target=\"_blank\" rel=\"noopener noreferrer\">Leitfaden Bruttoexport Efta-Drittland englisch<\/a><br>\n<a style=\"color: #333333;\" href=\"https:\/\/wp.autoexpo-portal.de\/wp-content\/uploads\/2025\/02\/Leitfaden_nettoexport_DE_2023a.pdf\" target=\"_blank\" rel=\"noopener noreferrer\">Leitfaden Nettoexport mit Gelangensbest\u00e4tigung deutsch<\/a><br>\n<a style=\"color: #333333;\" href=\"https:\/\/wp.autoexpo-portal.de\/wp-content\/uploads\/2025\/02\/Leitfaden_nettoexport_EN_2023a.pdf\" target=\"_blank\" rel=\"noopener noreferrer\">Leitfaden Nettoexport mit Gelangensbest\u00e4tigung englisch<\/a><br>\n<a style=\"color: #333333;\" href=\"https:\/\/wp.autoexpo-portal.de\/wp-content\/uploads\/2023\/04\/Leitfaden_privater_bruttoexport_DE_2023.pdf\" target=\"_blank\" rel=\"noopener noreferrer\">Leitfaden privater Bruttoexport EU deutsch<\/a><br>\n<a style=\"color: #333333;\" href=\"https:\/\/wp.autoexpo-portal.de\/wp-content\/uploads\/2023\/04\/Leitfaden_privater_bruttoexport_EN_2023.pdf\" target=\"_blank\" rel=\"noopener noreferrer\">Leitfaden privater Bruttoexport EU englisch<\/a><br>\n<a style=\"color: #333333;\" href=\"https:\/\/wp.autoexpo-portal.de\/wp-content\/uploads\/2025\/12\/16_erleichterung_zahlungsverkehr_2023_DE.pdf\" target=\"_blank\" rel=\"noopener noreferrer\">Zahlungsverkehr international<\/a><br>\n<a style=\"color: #333333;\" href=\"https:\/\/wp.autoexpo-portal.de\/wp-content\/uploads\/2025\/12\/17_erleichterung_zahlungsverkehr_2023_EN.pdf\" target=\"_blank\" rel=\"noopener noreferrer\">Zahlungsverkehr international englisch<\/a><br>\n\n<h2 class=\"autoexpo-subtitle\">Sonstiges:<\/h2>\n<a style=\"color: #333333;\" href=\"https:\/\/wp.autoexpo-portal.de\/wp-content\/uploads\/2025\/04\/Verkaufs_AGB_ab_2022.pdf\" target=\"_blank\" rel=\"noopener noreferrer\">AGBs<\/a><br>\n<a style=\"color: #333333;\" href=\"https:\/\/wp.autoexpo-portal.de\/wp-content\/uploads\/2023\/01\/FAQ_2023.pdf\" target=\"_blank\" rel=\"noopener noreferrer\">FAQ<\/a><br>\n\n<span style=\"color: #000000;\"><a style=\"color: #000000;\" href=\"https:\/\/wp.autoexpo-portal.de\/wp-content\/uploads\/2024\/06\/Netiquette_AE_2022_V1.pdf\">Netiquette<\/a><\/span><br>\n\n<p class=\"autoexpo-subtitle\"><\/p>\n\t\t\t\t\t\t\t\t<\/div>\n\t\t\t\t\t<\/div>\n\t\t<\/div>\n\t\t\t\t\t<\/div>\n\t\t<\/section>\n\t\t\t\t<\/div>\n\t\t","protected":false},"excerpt":{"rendered":"<p>Downloads Fahrzeugkauf: Info Flyer H\u00e4ndler Information bargeldloser Zahlungsverkehr Information bargeldloser Zahlungsverkehr englisch Leitfaden \u201eKauf durch Privatkunden&#8221; Abholvollmacht Reparaturkostenversicherung: Reparaturkostenversicherungsbedingungen Schadensabwicklung Schadensanzeige R\u00fcckgabe durch Leasingnehmer: Checkliste Leasingnehmer Export: Leitfaden Bruttoexport Efta-Drittland deutsch Leitfaden Bruttoexport Efta-Drittland englisch Leitfaden Nettoexport mit Gelangensbest\u00e4tigung deutsch Leitfaden Nettoexport mit Gelangensbest\u00e4tigung englisch Leitfaden privater Bruttoexport EU deutsch Leitfaden privater Bruttoexport EU englisch &hellip; <\/p>\n<p class=\"link-more\"><a href=\"https:\/\/wp.autoexpo-portal.de\/index.php\/downloads\/\" class=\"more-link\">Continue reading<span class=\"screen-reader-text\"> &#8220;Downloads&#8221;<\/span><\/a><\/p>\n","protected":false},"author":9,"featured_media":0,"parent":0,"menu_order":0,"comment_status":"closed","ping_status":"closed","template":"elementor_header_footer","meta":{"footnotes":""},"class_list":["post-292","page","type-page","status-publish","hentry"],"yoast_head":"<!-- This site is optimized with the Yoast SEO plugin v27.5 - https:\/\/yoast.com\/product\/yoast-seo-wordpress\/ -->\n<title>Downloads - Dokumente &amp; Informationen | autoexpo<\/title>\n<meta name=\"description\" content=\"Wichtige Dokumente &amp; Informationen rund um Fahrzeugkauf, Export, Leasingr\u00fcckgabe und Reparaturkostenversicherung als Download \u25ba Jetzt informieren\" \/>\n<meta name=\"robots\" content=\"index, follow, max-snippet:-1, max-image-preview:large, max-video-preview:-1\" \/>\n<link rel=\"canonical\" href=\"https:\/\/wp.autoexpo-portal.de\/index.php\/downloads\/\" \/>\n<meta property=\"og:locale\" content=\"en_US\" \/>\n<meta property=\"og:type\" content=\"article\" \/>\n<meta property=\"og:title\" content=\"Downloads - Dokumente &amp; Informationen | autoexpo\" \/>\n<meta property=\"og:description\" content=\"Wichtige Dokumente &amp; Informationen rund um Fahrzeugkauf, Export, Leasingr\u00fcckgabe und Reparaturkostenversicherung als Download \u25ba Jetzt informieren\" \/>\n<meta property=\"og:url\" content=\"https:\/\/wp.autoexpo-portal.de\/index.php\/downloads\/\" \/>\n<meta property=\"og:site_name\" content=\"autoexpo \u2013 Gebrauchtwagen Autohaus | Leasingr\u00fcckl\u00e4ufer kaufen\" \/>\n<meta property=\"article:publisher\" content=\"https:\/\/www.facebook.com\/autoexpofernwald\" \/>\n<meta property=\"article:modified_time\" content=\"2025-12-04T14:48:08+00:00\" \/>\n<meta name=\"twitter:card\" content=\"summary_large_image\" \/>\n<meta name=\"twitter:label1\" content=\"Est. reading time\" \/>\n\t<meta name=\"twitter:data1\" content=\"1 minute\" \/>\n<script type=\"application\/ld+json\" class=\"yoast-schema-graph\">{\"@context\":\"https:\\\/\\\/schema.org\",\"@graph\":[{\"@type\":\"WebPage\",\"@id\":\"https:\\\/\\\/wp.autoexpo-portal.de\\\/index.php\\\/downloads\\\/\",\"url\":\"https:\\\/\\\/wp.autoexpo-portal.de\\\/index.php\\\/downloads\\\/\",\"name\":\"Downloads - Dokumente & Informationen | autoexpo\",\"isPartOf\":{\"@id\":\"https:\\\/\\\/wp.autoexpo-portal.de\\\/#website\"},\"datePublished\":\"2018-12-10T07:45:18+00:00\",\"dateModified\":\"2025-12-04T14:48:08+00:00\",\"description\":\"Wichtige Dokumente & Informationen rund um Fahrzeugkauf, Export, Leasingr\u00fcckgabe und Reparaturkostenversicherung als Download \u25ba Jetzt informieren\",\"breadcrumb\":{\"@id\":\"https:\\\/\\\/wp.autoexpo-portal.de\\\/index.php\\\/downloads\\\/#breadcrumb\"},\"inLanguage\":\"en-US\",\"potentialAction\":[{\"@type\":\"ReadAction\",\"target\":[\"https:\\\/\\\/wp.autoexpo-portal.de\\\/index.php\\\/downloads\\\/\"]}]},{\"@type\":\"BreadcrumbList\",\"@id\":\"https:\\\/\\\/wp.autoexpo-portal.de\\\/index.php\\\/downloads\\\/#breadcrumb\",\"itemListElement\":[{\"@type\":\"ListItem\",\"position\":1,\"name\":\"Home\",\"item\":\"https:\\\/\\\/wp.autoexpo-portal.de\\\/\"},{\"@type\":\"ListItem\",\"position\":2,\"name\":\"Downloads\"}]},{\"@type\":\"WebSite\",\"@id\":\"https:\\\/\\\/wp.autoexpo-portal.de\\\/#website\",\"url\":\"https:\\\/\\\/wp.autoexpo-portal.de\\\/\",\"name\":\"autoexpo\",\"description\":\"\ud83d\ude97 Einer der gr\u00f6\u00dften Gebrauchtwagenh\u00e4ndler in Europa: Leasingr\u00fcckl\u00e4ufer Autohandel \u2714\ufe0f 1.500+ Fahrzeuge \u2714\ufe0f Top-Preise \u25ba Jetzt online entdecken!\",\"publisher\":{\"@id\":\"https:\\\/\\\/wp.autoexpo-portal.de\\\/#organization\"},\"potentialAction\":[{\"@type\":\"SearchAction\",\"target\":{\"@type\":\"EntryPoint\",\"urlTemplate\":\"https:\\\/\\\/wp.autoexpo-portal.de\\\/?s={search_term_string}\"},\"query-input\":{\"@type\":\"PropertyValueSpecification\",\"valueRequired\":true,\"valueName\":\"search_term_string\"}}],\"inLanguage\":\"en-US\"},{\"@type\":\"Organization\",\"@id\":\"https:\\\/\\\/wp.autoexpo-portal.de\\\/#organization\",\"name\":\"autoexpo\",\"url\":\"https:\\\/\\\/wp.autoexpo-portal.de\\\/\",\"logo\":{\"@type\":\"ImageObject\",\"inLanguage\":\"en-US\",\"@id\":\"https:\\\/\\\/wp.autoexpo-portal.de\\\/#\\\/schema\\\/logo\\\/image\\\/\",\"url\":\"https:\\\/\\\/wp.autoexpo-portal.de\\\/wp-content\\\/uploads\\\/2025\\\/04\\\/logo-autoexpo-trans.png\",\"contentUrl\":\"https:\\\/\\\/wp.autoexpo-portal.de\\\/wp-content\\\/uploads\\\/2025\\\/04\\\/logo-autoexpo-trans.png\",\"width\":600,\"height\":113,\"caption\":\"autoexpo\"},\"image\":{\"@id\":\"https:\\\/\\\/wp.autoexpo-portal.de\\\/#\\\/schema\\\/logo\\\/image\\\/\"},\"sameAs\":[\"https:\\\/\\\/www.facebook.com\\\/autoexpofernwald\",\"https:\\\/\\\/www.instagram.com\\\/autoexpofernwald\\\/?hl=de\"]}]}<\/script>\n<!-- \/ Yoast SEO plugin. -->","yoast_head_json":{"title":"Downloads - Dokumente & Informationen | autoexpo","description":"Wichtige Dokumente & Informationen rund um Fahrzeugkauf, Export, Leasingr\u00fcckgabe und Reparaturkostenversicherung als Download \u25ba Jetzt informieren","robots":{"index":"index","follow":"follow","max-snippet":"max-snippet:-1","max-image-preview":"max-image-preview:large","max-video-preview":"max-video-preview:-1"},"canonical":"https:\/\/wp.autoexpo-portal.de\/index.php\/downloads\/","og_locale":"en_US","og_type":"article","og_title":"Downloads - Dokumente & Informationen | autoexpo","og_description":"Wichtige Dokumente & Informationen rund um Fahrzeugkauf, Export, Leasingr\u00fcckgabe und Reparaturkostenversicherung als Download \u25ba Jetzt informieren","og_url":"https:\/\/wp.autoexpo-portal.de\/index.php\/downloads\/","og_site_name":"autoexpo \u2013 Gebrauchtwagen Autohaus | Leasingr\u00fcckl\u00e4ufer kaufen","article_publisher":"https:\/\/www.facebook.com\/autoexpofernwald","article_modified_time":"2025-12-04T14:48:08+00:00","twitter_card":"summary_large_image","twitter_misc":{"Est. reading time":"1 minute"},"schema":{"@context":"https:\/\/schema.org","@graph":[{"@type":"WebPage","@id":"https:\/\/wp.autoexpo-portal.de\/index.php\/downloads\/","url":"https:\/\/wp.autoexpo-portal.de\/index.php\/downloads\/","name":"Downloads - Dokumente & Informationen | autoexpo","isPartOf":{"@id":"https:\/\/wp.autoexpo-portal.de\/#website"},"datePublished":"2018-12-10T07:45:18+00:00","dateModified":"2025-12-04T14:48:08+00:00","description":"Wichtige Dokumente & Informationen rund um Fahrzeugkauf, Export, Leasingr\u00fcckgabe und Reparaturkostenversicherung als Download \u25ba Jetzt informieren","breadcrumb":{"@id":"https:\/\/wp.autoexpo-portal.de\/index.php\/downloads\/#breadcrumb"},"inLanguage":"en-US","potentialAction":[{"@type":"ReadAction","target":["https:\/\/wp.autoexpo-portal.de\/index.php\/downloads\/"]}]},{"@type":"BreadcrumbList","@id":"https:\/\/wp.autoexpo-portal.de\/index.php\/downloads\/#breadcrumb","itemListElement":[{"@type":"ListItem","position":1,"name":"Home","item":"https:\/\/wp.autoexpo-portal.de\/"},{"@type":"ListItem","position":2,"name":"Downloads"}]},{"@type":"WebSite","@id":"https:\/\/wp.autoexpo-portal.de\/#website","url":"https:\/\/wp.autoexpo-portal.de\/","name":"autoexpo","description":"\ud83d\ude97 Einer der gr\u00f6\u00dften Gebrauchtwagenh\u00e4ndler in Europa: Leasingr\u00fcckl\u00e4ufer Autohandel \u2714\ufe0f 1.500+ Fahrzeuge \u2714\ufe0f Top-Preise \u25ba Jetzt online entdecken!","publisher":{"@id":"https:\/\/wp.autoexpo-portal.de\/#organization"},"potentialAction":[{"@type":"SearchAction","target":{"@type":"EntryPoint","urlTemplate":"https:\/\/wp.autoexpo-portal.de\/?s={search_term_string}"},"query-input":{"@type":"PropertyValueSpecification","valueRequired":true,"valueName":"search_term_string"}}],"inLanguage":"en-US"},{"@type":"Organization","@id":"https:\/\/wp.autoexpo-portal.de\/#organization","name":"autoexpo","url":"https:\/\/wp.autoexpo-portal.de\/","logo":{"@type":"ImageObject","inLanguage":"en-US","@id":"https:\/\/wp.autoexpo-portal.de\/#\/schema\/logo\/image\/","url":"https:\/\/wp.autoexpo-portal.de\/wp-content\/uploads\/2025\/04\/logo-autoexpo-trans.png","contentUrl":"https:\/\/wp.autoexpo-portal.de\/wp-content\/uploads\/2025\/04\/logo-autoexpo-trans.png","width":600,"height":113,"caption":"autoexpo"},"image":{"@id":"https:\/\/wp.autoexpo-portal.de\/#\/schema\/logo\/image\/"},"sameAs":["https:\/\/www.facebook.com\/autoexpofernwald","https:\/\/www.instagram.com\/autoexpofernwald\/?hl=de"]}]}},"_links":{"self":[{"href":"https:\/\/wp.autoexpo-portal.de\/index.php\/wp-json\/wp\/v2\/pages\/292","targetHints":{"allow":["GET"]}}],"collection":[{"href":"https:\/\/wp.autoexpo-portal.de\/index.php\/wp-json\/wp\/v2\/pages"}],"about":[{"href":"https:\/\/wp.autoexpo-portal.de\/index.php\/wp-json\/wp\/v2\/types\/page"}],"author":[{"embeddable":true,"href":"https:\/\/wp.autoexpo-portal.de\/index.php\/wp-json\/wp\/v2\/users\/9"}],"replies":[{"embeddable":true,"href":"https:\/\/wp.autoexpo-portal.de\/index.php\/wp-json\/wp\/v2\/comments?post=292"}],"version-history":[{"count":0,"href":"https:\/\/wp.autoexpo-portal.de\/index.php\/wp-json\/wp\/v2\/pages\/292\/revisions"}],"wp:attachment":[{"href":"https:\/\/wp.autoexpo-portal.de\/index.php\/wp-json\/wp\/v2\/media?parent=292"}],"curies":[{"name":"wp","href":"https:\/\/api.w.org\/{rel}","templated":true}]}}