







{"id":290,"date":"2018-12-10T09:45:17","date_gmt":"2018-12-10T08:45:17","guid":{"rendered":"http:\/\/wp-test.autoexpo-portal.de\/?page_id=290"},"modified":"2025-08-06T14:21:00","modified_gmt":"2025-08-06T12:21:00","slug":"anfahrt","status":"publish","type":"page","link":"https:\/\/wp.autoexpo-portal.de\/index.php\/anfahrt\/","title":{"rendered":"Anfahrt"},"content":{"rendered":"\t\t<div data-elementor-type=\"wp-post\" data-elementor-id=\"290\" class=\"elementor elementor-290\">\n\t\t\t\t\t\t<section class=\"elementor-section elementor-top-section elementor-element elementor-element-7539c051 elementor-section-boxed elementor-section-height-default elementor-section-height-default\" data-id=\"7539c051\" data-element_type=\"section\">\n\t\t\t\t\t\t<div class=\"elementor-container elementor-column-gap-default\">\n\t\t\t\t\t<div class=\"elementor-column elementor-col-100 elementor-top-column elementor-element elementor-element-18d76ed0\" data-id=\"18d76ed0\" data-element_type=\"column\">\n\t\t\t<div class=\"elementor-widget-wrap elementor-element-populated\">\n\t\t\t\t\t\t<div class=\"elementor-element elementor-element-76f13841 elementor-widget elementor-widget-text-editor\" data-id=\"76f13841\" data-element_type=\"widget\" data-widget_type=\"text-editor.default\">\n\t\t\t\t\t\t\t\t\t<h1 class=\"autoexpo-title\">Anfahrt\u00a0<\/h1>\n<p><!-- \/wp:heading --><!-- wp:heading {\"className\":\"autoexpo-subtitle\"} --><\/p>\n<h2 class=\"autoexpo-subtitle\">Besuchen Sie uns im Herzen Deutschlands.<\/h2>\n<p><!-- \/wp:heading --><\/p>\n<p style=\"margin-bottom: 10px; color: #333333; font-family: 'Helvetica Neue', Helvetica, Arial, sans-serif; font-size: 14px;\">Ein Besuch bei der\u00a0<strong>auto<\/strong>expo lohnt sich immer. Hier findet jeder seinen jungen Gebrauchten f\u00fcr hohe Anspr\u00fcche: scheckheftgepflegt, gutachtergepr\u00fcft. Nutzen Sie f\u00fcr einen ersten Eindruck unseren\u00a0<strong><a href=\"https:\/\/wp.autoexpo-portal.de\/index.php\/virtueller-rundgang\/\">virtuellen Rundgang<\/a><\/strong>, schreiben Sie uns eine Nachricht \u00fcber das Kontaktformular oder rufen Sie uns an unter der Telefonnummer<strong> <a href=\"tel:+49 (0) 6404-5063-9992\">+49 (0) 6404-5063-9992<\/a><\/strong>.<\/p>\n<p>Bitte geben Sie &#8220;Rudolf-Diesel-Stra\u00dfe 7, 35463 Fernwald&#8221; in Ihr Navigationssystem ein. Dort befindet sich die Einfahrt auf unser Gel\u00e4nde.<\/p>\n<p style=\"margin-bottom: 10px; color: #333333; font-family: 'Helvetica Neue', Helvetica, Arial, sans-serif; font-size: 14px;\">Wir freuen uns auf Sie.<\/p>\n<p><iframe style=\"border: 0;\" src=\"https:\/\/www.google.com\/maps\/embed?pb=!1m14!1m8!1m3!1d2534.8184354634536!2d8.7878628!3d50.5561464!3m2!1i1024!2i768!4f13.1!3m3!1m2!1s0x47bcf60d0c2c42cd%3A0x6e2f577d2c996bb7!2sAutoExpo%20Deutsche%20Auto-Markt%20GmbH!5e0!3m2!1sde!2sde!4v1747904010210!5m2!1sde!2sde\" width=\"600\" height=\"450\" allowfullscreen=\"allowfullscreen\"><\/iframe><\/p>\t\t\t\t\t\t\t\t<\/div>\n\t\t\t\t\t<\/div>\n\t\t<\/div>\n\t\t\t\t\t<\/div>\n\t\t<\/section>\n\t\t\t\t<\/div>\n\t\t","protected":false},"excerpt":{"rendered":"<p>Anfahrt\u00a0 Besuchen Sie uns im Herzen Deutschlands. Ein Besuch bei der\u00a0autoexpo lohnt sich immer. Hier findet jeder seinen jungen Gebrauchten f\u00fcr hohe Anspr\u00fcche: scheckheftgepflegt, gutachtergepr\u00fcft. Nutzen Sie f\u00fcr einen ersten Eindruck unseren\u00a0virtuellen Rundgang, schreiben Sie uns eine Nachricht \u00fcber das Kontaktformular oder rufen Sie uns an unter der Telefonnummer +49 (0) 6404-5063-9992. Bitte geben Sie &hellip; <\/p>\n<p class=\"link-more\"><a href=\"https:\/\/wp.autoexpo-portal.de\/index.php\/anfahrt\/\" class=\"more-link\">Continue reading<span class=\"screen-reader-text\"> &#8220;Anfahrt&#8221;<\/span><\/a><\/p>\n","protected":false},"author":9,"featured_media":0,"parent":0,"menu_order":0,"comment_status":"closed","ping_status":"closed","template":"elementor_header_footer","meta":{"footnotes":""},"class_list":["post-290","page","type-page","status-publish","hentry"],"yoast_head":"<!-- This site is optimized with the Yoast SEO plugin v24.8.1 - https:\/\/yoast.com\/wordpress\/plugins\/seo\/ -->\n<title>Anfahrt &amp; Routenplaner | autoexpo Fernwald<\/title>\n<meta name=\"description\" content=\"Besuchen Sie uns in Fernwald bei Gie\u00dfen, im \u2665 Herzen Deutschlands \u2013 bequem erreichbar an der A5. \u25ba Jetzt Route planen und vorbeischauen!\" \/>\n<meta name=\"robots\" content=\"index, follow, max-snippet:-1, max-image-preview:large, max-video-preview:-1\" \/>\n<link rel=\"canonical\" href=\"https:\/\/wp.autoexpo-portal.de\/index.php\/anfahrt\/\" \/>\n<meta property=\"og:locale\" content=\"en_US\" \/>\n<meta property=\"og:type\" content=\"article\" \/>\n<meta property=\"og:title\" content=\"Anfahrt &amp; Routenplaner | autoexpo Fernwald\" \/>\n<meta property=\"og:description\" content=\"Besuchen Sie uns in Fernwald bei Gie\u00dfen, im \u2665 Herzen Deutschlands \u2013 bequem erreichbar an der A5. \u25ba Jetzt Route planen und vorbeischauen!\" \/>\n<meta property=\"og:url\" content=\"https:\/\/wp.autoexpo-portal.de\/index.php\/anfahrt\/\" \/>\n<meta property=\"og:site_name\" content=\"autoexpo \u2013 Gebrauchtwagen Autohaus | Leasingr\u00fcckl\u00e4ufer kaufen\" \/>\n<meta property=\"article:publisher\" content=\"https:\/\/www.facebook.com\/autoexpofernwald\" \/>\n<meta property=\"article:modified_time\" content=\"2025-08-06T12:21:00+00:00\" \/>\n<meta name=\"twitter:card\" content=\"summary_large_image\" \/>\n<meta name=\"twitter:label1\" content=\"Est. reading time\" \/>\n\t<meta name=\"twitter:data1\" content=\"1 minute\" \/>\n<script type=\"application\/ld+json\" class=\"yoast-schema-graph\">{\"@context\":\"https:\/\/schema.org\",\"@graph\":[{\"@type\":\"WebPage\",\"@id\":\"https:\/\/wp.autoexpo-portal.de\/index.php\/anfahrt\/\",\"url\":\"https:\/\/wp.autoexpo-portal.de\/index.php\/anfahrt\/\",\"name\":\"Anfahrt & Routenplaner | autoexpo Fernwald\",\"isPartOf\":{\"@id\":\"https:\/\/wp.autoexpo-portal.de\/#website\"},\"datePublished\":\"2018-12-10T08:45:17+00:00\",\"dateModified\":\"2025-08-06T12:21:00+00:00\",\"description\":\"Besuchen Sie uns in Fernwald bei Gie\u00dfen, im \u2665 Herzen Deutschlands \u2013 bequem erreichbar an der A5. \u25ba Jetzt Route planen und vorbeischauen!\",\"breadcrumb\":{\"@id\":\"https:\/\/wp.autoexpo-portal.de\/index.php\/anfahrt\/#breadcrumb\"},\"inLanguage\":\"en-US\",\"potentialAction\":[{\"@type\":\"ReadAction\",\"target\":[\"https:\/\/wp.autoexpo-portal.de\/index.php\/anfahrt\/\"]}]},{\"@type\":\"BreadcrumbList\",\"@id\":\"https:\/\/wp.autoexpo-portal.de\/index.php\/anfahrt\/#breadcrumb\",\"itemListElement\":[{\"@type\":\"ListItem\",\"position\":1,\"name\":\"Home\",\"item\":\"https:\/\/wp.autoexpo-portal.de\/\"},{\"@type\":\"ListItem\",\"position\":2,\"name\":\"Anfahrt\"}]},{\"@type\":\"WebSite\",\"@id\":\"https:\/\/wp.autoexpo-portal.de\/#website\",\"url\":\"https:\/\/wp.autoexpo-portal.de\/\",\"name\":\"autoexpo\",\"description\":\"\ud83d\ude97 Einer der gr\u00f6\u00dften Gebrauchtwagenh\u00e4ndler in Europa: Leasingr\u00fcckl\u00e4ufer Autohandel \u2714\ufe0f 1.500+ Fahrzeuge \u2714\ufe0f Top-Preise \u25ba Jetzt online entdecken!\",\"publisher\":{\"@id\":\"https:\/\/wp.autoexpo-portal.de\/#organization\"},\"potentialAction\":[{\"@type\":\"SearchAction\",\"target\":{\"@type\":\"EntryPoint\",\"urlTemplate\":\"https:\/\/wp.autoexpo-portal.de\/?s={search_term_string}\"},\"query-input\":{\"@type\":\"PropertyValueSpecification\",\"valueRequired\":true,\"valueName\":\"search_term_string\"}}],\"inLanguage\":\"en-US\"},{\"@type\":\"Organization\",\"@id\":\"https:\/\/wp.autoexpo-portal.de\/#organization\",\"name\":\"autoexpo\",\"url\":\"https:\/\/wp.autoexpo-portal.de\/\",\"logo\":{\"@type\":\"ImageObject\",\"inLanguage\":\"en-US\",\"@id\":\"https:\/\/wp.autoexpo-portal.de\/#\/schema\/logo\/image\/\",\"url\":\"https:\/\/wp.autoexpo-portal.de\/wp-content\/uploads\/2025\/04\/logo-autoexpo-trans.png\",\"contentUrl\":\"https:\/\/wp.autoexpo-portal.de\/wp-content\/uploads\/2025\/04\/logo-autoexpo-trans.png\",\"width\":600,\"height\":113,\"caption\":\"autoexpo\"},\"image\":{\"@id\":\"https:\/\/wp.autoexpo-portal.de\/#\/schema\/logo\/image\/\"},\"sameAs\":[\"https:\/\/www.facebook.com\/autoexpofernwald\",\"https:\/\/www.instagram.com\/autoexpofernwald\/?hl=de\"]}]}<\/script>\n<!-- \/ Yoast SEO plugin. -->","yoast_head_json":{"title":"Anfahrt & Routenplaner | autoexpo Fernwald","description":"Besuchen Sie uns in Fernwald bei Gie\u00dfen, im \u2665 Herzen Deutschlands \u2013 bequem erreichbar an der A5. \u25ba Jetzt Route planen und vorbeischauen!","robots":{"index":"index","follow":"follow","max-snippet":"max-snippet:-1","max-image-preview":"max-image-preview:large","max-video-preview":"max-video-preview:-1"},"canonical":"https:\/\/wp.autoexpo-portal.de\/index.php\/anfahrt\/","og_locale":"en_US","og_type":"article","og_title":"Anfahrt & Routenplaner | autoexpo Fernwald","og_description":"Besuchen Sie uns in Fernwald bei Gie\u00dfen, im \u2665 Herzen Deutschlands \u2013 bequem erreichbar an der A5. \u25ba Jetzt Route planen und vorbeischauen!","og_url":"https:\/\/wp.autoexpo-portal.de\/index.php\/anfahrt\/","og_site_name":"autoexpo \u2013 Gebrauchtwagen Autohaus | Leasingr\u00fcckl\u00e4ufer kaufen","article_publisher":"https:\/\/www.facebook.com\/autoexpofernwald","article_modified_time":"2025-08-06T12:21:00+00:00","twitter_card":"summary_large_image","twitter_misc":{"Est. reading time":"1 minute"},"schema":{"@context":"https:\/\/schema.org","@graph":[{"@type":"WebPage","@id":"https:\/\/wp.autoexpo-portal.de\/index.php\/anfahrt\/","url":"https:\/\/wp.autoexpo-portal.de\/index.php\/anfahrt\/","name":"Anfahrt & Routenplaner | autoexpo Fernwald","isPartOf":{"@id":"https:\/\/wp.autoexpo-portal.de\/#website"},"datePublished":"2018-12-10T08:45:17+00:00","dateModified":"2025-08-06T12:21:00+00:00","description":"Besuchen Sie uns in Fernwald bei Gie\u00dfen, im \u2665 Herzen Deutschlands \u2013 bequem erreichbar an der A5. \u25ba Jetzt Route planen und vorbeischauen!","breadcrumb":{"@id":"https:\/\/wp.autoexpo-portal.de\/index.php\/anfahrt\/#breadcrumb"},"inLanguage":"en-US","potentialAction":[{"@type":"ReadAction","target":["https:\/\/wp.autoexpo-portal.de\/index.php\/anfahrt\/"]}]},{"@type":"BreadcrumbList","@id":"https:\/\/wp.autoexpo-portal.de\/index.php\/anfahrt\/#breadcrumb","itemListElement":[{"@type":"ListItem","position":1,"name":"Home","item":"https:\/\/wp.autoexpo-portal.de\/"},{"@type":"ListItem","position":2,"name":"Anfahrt"}]},{"@type":"WebSite","@id":"https:\/\/wp.autoexpo-portal.de\/#website","url":"https:\/\/wp.autoexpo-portal.de\/","name":"autoexpo","description":"\ud83d\ude97 Einer der gr\u00f6\u00dften Gebrauchtwagenh\u00e4ndler in Europa: Leasingr\u00fcckl\u00e4ufer Autohandel \u2714\ufe0f 1.500+ Fahrzeuge \u2714\ufe0f Top-Preise \u25ba Jetzt online entdecken!","publisher":{"@id":"https:\/\/wp.autoexpo-portal.de\/#organization"},"potentialAction":[{"@type":"SearchAction","target":{"@type":"EntryPoint","urlTemplate":"https:\/\/wp.autoexpo-portal.de\/?s={search_term_string}"},"query-input":{"@type":"PropertyValueSpecification","valueRequired":true,"valueName":"search_term_string"}}],"inLanguage":"en-US"},{"@type":"Organization","@id":"https:\/\/wp.autoexpo-portal.de\/#organization","name":"autoexpo","url":"https:\/\/wp.autoexpo-portal.de\/","logo":{"@type":"ImageObject","inLanguage":"en-US","@id":"https:\/\/wp.autoexpo-portal.de\/#\/schema\/logo\/image\/","url":"https:\/\/wp.autoexpo-portal.de\/wp-content\/uploads\/2025\/04\/logo-autoexpo-trans.png","contentUrl":"https:\/\/wp.autoexpo-portal.de\/wp-content\/uploads\/2025\/04\/logo-autoexpo-trans.png","width":600,"height":113,"caption":"autoexpo"},"image":{"@id":"https:\/\/wp.autoexpo-portal.de\/#\/schema\/logo\/image\/"},"sameAs":["https:\/\/www.facebook.com\/autoexpofernwald","https:\/\/www.instagram.com\/autoexpofernwald\/?hl=de"]}]}},"_links":{"self":[{"href":"https:\/\/wp.autoexpo-portal.de\/index.php\/wp-json\/wp\/v2\/pages\/290","targetHints":{"allow":["GET"]}}],"collection":[{"href":"https:\/\/wp.autoexpo-portal.de\/index.php\/wp-json\/wp\/v2\/pages"}],"about":[{"href":"https:\/\/wp.autoexpo-portal.de\/index.php\/wp-json\/wp\/v2\/types\/page"}],"author":[{"embeddable":true,"href":"https:\/\/wp.autoexpo-portal.de\/index.php\/wp-json\/wp\/v2\/users\/9"}],"replies":[{"embeddable":true,"href":"https:\/\/wp.autoexpo-portal.de\/index.php\/wp-json\/wp\/v2\/comments?post=290"}],"version-history":[{"count":12,"href":"https:\/\/wp.autoexpo-portal.de\/index.php\/wp-json\/wp\/v2\/pages\/290\/revisions"}],"predecessor-version":[{"id":3503,"href":"https:\/\/wp.autoexpo-portal.de\/index.php\/wp-json\/wp\/v2\/pages\/290\/revisions\/3503"}],"wp:attachment":[{"href":"https:\/\/wp.autoexpo-portal.de\/index.php\/wp-json\/wp\/v2\/media?parent=290"}],"curies":[{"name":"wp","href":"https:\/\/api.w.org\/{rel}","templated":true}]}}