







{"id":2676,"date":"2023-04-05T17:01:51","date_gmt":"2023-04-05T15:01:51","guid":{"rendered":"https:\/\/wp.autoexpo-portal.de\/?page_id=2676"},"modified":"2025-06-11T10:20:55","modified_gmt":"2025-06-11T08:20:55","slug":"netiquette","status":"publish","type":"page","link":"https:\/\/wp.autoexpo-portal.de\/index.php\/netiquette\/","title":{"rendered":"Netiquette"},"content":{"rendered":"\t\t<div data-elementor-type=\"wp-post\" data-elementor-id=\"2676\" class=\"elementor elementor-2676\">\n\t\t\t\t\t\t<section class=\"elementor-section elementor-top-section elementor-element elementor-element-2a71316 elementor-section-boxed elementor-section-height-default elementor-section-height-default\" data-id=\"2a71316\" data-element_type=\"section\">\n\t\t\t\t\t\t<div class=\"elementor-container elementor-column-gap-default\">\n\t\t\t\t\t<div class=\"elementor-column elementor-col-100 elementor-top-column elementor-element elementor-element-c755d69\" data-id=\"c755d69\" data-element_type=\"column\">\n\t\t\t<div class=\"elementor-widget-wrap elementor-element-populated\">\n\t\t\t\t\t\t<div class=\"elementor-element elementor-element-73735fe elementor-widget elementor-widget-text-editor\" data-id=\"73735fe\" data-element_type=\"widget\" data-widget_type=\"text-editor.default\">\n\t\t\t\t\t\t\t\t\t<h1 class=\"autoexpo-title\"><strong>Netiquette <\/strong>f\u00fcr Social Media Channel<\/h1>\n<h2 class=\"autoexpo-subtitle\"><\/h2>\n<p>\n    Willkommen auf den Social-Media-Kan\u00e4len der <strong>autoexpo<\/strong> Deutsche Auto-Markt GmbH!\n<br><br>\nWir freuen uns, dass unsere Beitr\u00e4ge und Themen dich zur Diskussion anregen und sind sehr gespannt auf deine Meinungen, Ansichten, Informationen oder auch konstruktive Kritiken. Wir begr\u00fc\u00dfen jede Art von R\u00fcckmeldung \u2013 naja vielleicht nicht jede, genau deshalb findest du hier unsere Social Media Netiquette:\n<b><em>Unsere Verhaltensregeln f\u00fcr ein respektvolles Miteinander.<\/em><\/b>\n<br><br>\nWir legen sehr gro\u00dfen Wert darauf, dass sich jeder User und jede Userin frei \u00e4u\u00dfern kann und dabei niemand ausgeschlossen wird. Daher m\u00fcssen wir darauf bestehen, dass Beitr\u00e4ge auch bei inhaltlichen Differenzen konstruktiv und sachlich formuliert bleiben.\n<br><br>\nZun\u00e4chst m\u00f6chten wir dir <strong>ein paar Hinweise<\/strong> f\u00fcr das Verfassen deines Kommentars geben, so dass du dich in\n\njedem Fall in unserem Spielrahmen aufh\u00e4ltst und eigentlich \u201enix schiefgehen kann\u201c.\n<\/p>\n<ul style=\"padding-left: 2em;\">\n \t<li style=\"margin-bottom: -10px;\"><p>Beziehe dich auf das Thema des Posts.<\/p><\/li>\n \t<li style=\"margin-bottom: -10px;\"><p>Diskutiere sachlich. Unsachliche und\/oder beleidigende Kommentare haben bei uns keinen Platz.<\/p><\/li>\n \t<li style=\"margin-bottom: -10px;\"><p>Begr\u00fcnde deine Meinung \u2013 besonders, wenn du (konstruktiv) widersprechen m\u00f6chtest.<\/p><\/li>\n \t<li style=\"margin-bottom: -10px;\"><p>Wahre die Regeln der H\u00f6flichkeit, wie in einem Gespr\u00e4ch von Angesicht zu Angesicht.<\/p><\/li>\n \t<li style=\"margin-bottom: -10px;\"><p>Sehe davon ab, andere pers\u00f6nlich zu provozieren.<\/p><\/li>\n \t<li style=\"margin-bottom: -10px;\"><p>Stelle sicher, dass du die Rechte zur Verbreitung der von dir ver\u00f6ffentlichten Inhalte hast. Zitate m\u00fcssen korrekt als solche gekennzeichnet werden, auch wenn sie sehr bekannt sind. Beachte das Urheberrecht.<\/p><\/li>\n \t<li><p>Respektiere die Pers\u00f6nlichkeitsrechte deiner Mitmenschen und das Recht am eigenen Bild. Ver\u00f6ffentliche keine pers\u00f6nlichen, sch\u00fctzenswerten Daten wie Adressen oder Rufnummern.<\/p><\/li>\n<\/ul>\n<p>Wir behalten uns vor, im Fall von Verst\u00f6\u00dfen einzelne Beitr\u00e4ge zu entfernen und bei schweren oder wiederholten Verst\u00f6\u00dfen User und Userinnen von unseren Kan\u00e4len auszuschlie\u00dfen. Der Ausschluss ist nur vor\u00fcbergehend, wenn sich die User und Userinnen von den gegen die Netiquette versto\u00dfenden Kommentaren distanzieren und versichern, die Verhaltensregeln k\u00fcnftig einzuhalten. Auch nachtr\u00e4gliches Entfernen oder Blockieren sind m\u00f6glich.<\/p>\t\t\t\t\t\t\t\t<\/div>\n\t\t\t\t<div class=\"elementor-element elementor-element-6ed9b33 elementor-widget elementor-widget-text-editor\" data-id=\"6ed9b33\" data-element_type=\"widget\" data-widget_type=\"text-editor.default\">\n\t\t\t\t\t\t\t\t\t<h2 class=\"autoexpo-subtitle\">Das sind unsere Regeln:<\/h2>\n<ul style=\"padding-left: 2em;\">\n \t<li style=\"margin-bottom: -10px;\"><p>Jede Form der Diskriminierung oder Diffamierung von Menschen oder Gruppen aufgrund deren Herkunft, religi\u00f6ser Zugeh\u00f6rigkeit, Nationalit\u00e4t, k\u00f6rperlicher Verfassung, sexueller Identit\u00e4t, Geschlechts, Einkommensverh\u00e4ltnisse oder ihres Alters wird nicht akzeptiert.<\/p><\/li>\n \t<li style=\"margin-bottom: -10px;\"><p>Beleidigende, volksverhetzende, ehrverletzende, pornografische, hetzerische, jugendgef\u00e4hrdende oder gar strafbare \u00c4u\u00dferungen werden nicht freigeschaltet, verborgen oder entfernt. Seit Inkrafttreten des Gesetzes zur Bek\u00e4mpfung des Rechtsextremismus und der Hasskriminalit\u00e4t 2020 sind wir verpflichtet, bestimmte schwere F\u00e4lle, darunter z.B. Androhung einer gef\u00e4hrlichen K\u00f6rperverletzung oder die Billigung noch nicht erfolgter Straftaten den zust\u00e4ndigen Beh\u00f6rden zu melden.<\/p><\/li>\n \t<li style=\"margin-bottom: -10px;\"><p>Wir behalten uns grunds\u00e4tzlich vor, Anzeige zu erstatten, wenn ein Straftatbestand erf\u00fcllt ist. Wer \u00f6ffentlich im Netz andere beleidigt, kann mit bis zu zwei statt mit bis zu einem Jahr Freiheitsstrafe bestraft werden (\u00a7 185 StGB).<\/p><\/li>\n \t<li style=\"margin-bottom: -10px;\"><p>Bei Links zu externen Webseiten behalten wir uns vor, verlinkte Inhalte zu \u00fcberpr\u00fcfen und gegebenenfalls die URL oder den gesamten Kommentar zu entfernen.<\/p><\/li>\n \t<li style=\"margin-bottom: -10px;\"><p>Verzichten Sie generell auf kommerzielle Botschaften, Wahl- oder Parteienwerbung, Aufrufe zu Demonstrationen, Kampagnen und Petitionen. Dies betrifft auch sogenannten Spam. Entsprechende Inhalte werden entfernt.<\/p><\/li>\n \t<li style=\"margin-bottom: -10px;\"><p>Nicht belegbare Theorien oder nicht belegte Behauptungen und Verd\u00e4chtigungen k\u00f6nnen ebenfalls entfernt werden, insbesondere, wenn sie ehrverletzend oder gesch\u00e4ftssch\u00e4digend sind.<\/p><\/li>\n \t<li><p>Kommentare, die automatisch\/maschinell generiert wurden (insb. Bots) oder offensichtlich Teil einer Kampagne sind (Shitstorms), k\u00f6nnen ebenfalls entfernt bzw. deren Absender \/ Absenderinnen blockiert werden.<\/p><\/li>\n<\/ul>\t\t\t\t\t\t\t\t<\/div>\n\t\t\t\t<div class=\"elementor-element elementor-element-007d9a7 elementor-widget elementor-widget-text-editor\" data-id=\"007d9a7\" data-element_type=\"widget\" data-widget_type=\"text-editor.default\">\n\t\t\t\t\t\t\t\t\t<h2 class=\"autoexpo-subtitle\">Disclaimer<\/h2>\n<p>Alle User und Userinnen sind f\u00fcr die von ihnen ver\u00f6ffentlichten Beitr\u00e4ge selbst verantwortlich. Mit dem Freigeben eines Kommentars auf unseren Plattformen und Kan\u00e4len erkl\u00e4rt sich derjenige einverstanden, dass seine Aussagen \u00f6ffentlich zug\u00e4nglich werden und daraufhin auch zitiert werden k\u00f6nnen.\n<br><br>\nWir freuen uns auf deinen Besuch und regen Austausch auf unseren Seiten, bereichernde Dialoge und einen\ninteressanten Meinungsaustausch!\n<br><br>\nEuer Social Media Team von<br>\n<b>auto<\/b>expo<\/p>\n\t\t\t\t\t\t\t\t<\/div>\n\t\t\t\t\t<\/div>\n\t\t<\/div>\n\t\t\t\t\t<\/div>\n\t\t<\/section>\n\t\t\t\t<\/div>\n\t\t","protected":false},"excerpt":{"rendered":"<p>Netiquette f\u00fcr Social Media Channel Willkommen auf den Social-Media-Kan\u00e4len der autoexpo Deutsche Auto-Markt GmbH! Wir freuen uns, dass unsere Beitr\u00e4ge und Themen dich zur Diskussion anregen und sind sehr gespannt auf deine Meinungen, Ansichten, Informationen oder auch konstruktive Kritiken. Wir begr\u00fc\u00dfen jede Art von R\u00fcckmeldung \u2013 naja vielleicht nicht jede, genau deshalb findest du hier &hellip; <\/p>\n<p class=\"link-more\"><a href=\"https:\/\/wp.autoexpo-portal.de\/index.php\/netiquette\/\" class=\"more-link\">Continue reading<span class=\"screen-reader-text\"> &#8220;Netiquette&#8221;<\/span><\/a><\/p>\n","protected":false},"author":18,"featured_media":0,"parent":0,"menu_order":0,"comment_status":"closed","ping_status":"closed","template":"elementor_header_footer","meta":{"footnotes":""},"class_list":["post-2676","page","type-page","status-publish","hentry"],"yoast_head":"<!-- This site is optimized with the Yoast SEO plugin v24.8.1 - https:\/\/yoast.com\/wordpress\/plugins\/seo\/ -->\n<title>Netiquette - autoexpo \u2013 Gebrauchtwagen Autohaus | Leasingr\u00fcckl\u00e4ufer kaufen<\/title>\n<meta name=\"robots\" content=\"index, follow, max-snippet:-1, max-image-preview:large, max-video-preview:-1\" \/>\n<link rel=\"canonical\" href=\"https:\/\/wp.autoexpo-portal.de\/index.php\/netiquette\/\" \/>\n<meta property=\"og:locale\" content=\"en_US\" \/>\n<meta property=\"og:type\" content=\"article\" \/>\n<meta property=\"og:title\" content=\"Netiquette - autoexpo \u2013 Gebrauchtwagen Autohaus | Leasingr\u00fcckl\u00e4ufer kaufen\" \/>\n<meta property=\"og:description\" content=\"Netiquette f\u00fcr Social Media Channel Willkommen auf den Social-Media-Kan\u00e4len der autoexpo Deutsche Auto-Markt GmbH! Wir freuen uns, dass unsere Beitr\u00e4ge und Themen dich zur Diskussion anregen und sind sehr gespannt auf deine Meinungen, Ansichten, Informationen oder auch konstruktive Kritiken. Wir begr\u00fc\u00dfen jede Art von R\u00fcckmeldung \u2013 naja vielleicht nicht jede, genau deshalb findest du hier &hellip; Continue reading &quot;Netiquette&quot;\" \/>\n<meta property=\"og:url\" content=\"https:\/\/wp.autoexpo-portal.de\/index.php\/netiquette\/\" \/>\n<meta property=\"og:site_name\" content=\"autoexpo \u2013 Gebrauchtwagen Autohaus | Leasingr\u00fcckl\u00e4ufer kaufen\" \/>\n<meta property=\"article:publisher\" content=\"https:\/\/www.facebook.com\/autoexpofernwald\" \/>\n<meta property=\"article:modified_time\" content=\"2025-06-11T08:20:55+00:00\" \/>\n<meta name=\"twitter:card\" content=\"summary_large_image\" \/>\n<meta name=\"twitter:label1\" content=\"Est. reading time\" \/>\n\t<meta name=\"twitter:data1\" content=\"3 minutes\" \/>\n<script type=\"application\/ld+json\" class=\"yoast-schema-graph\">{\"@context\":\"https:\/\/schema.org\",\"@graph\":[{\"@type\":\"WebPage\",\"@id\":\"https:\/\/wp.autoexpo-portal.de\/index.php\/netiquette\/\",\"url\":\"https:\/\/wp.autoexpo-portal.de\/index.php\/netiquette\/\",\"name\":\"Netiquette - autoexpo \u2013 Gebrauchtwagen Autohaus | Leasingr\u00fcckl\u00e4ufer kaufen\",\"isPartOf\":{\"@id\":\"https:\/\/wp.autoexpo-portal.de\/#website\"},\"datePublished\":\"2023-04-05T15:01:51+00:00\",\"dateModified\":\"2025-06-11T08:20:55+00:00\",\"breadcrumb\":{\"@id\":\"https:\/\/wp.autoexpo-portal.de\/index.php\/netiquette\/#breadcrumb\"},\"inLanguage\":\"en-US\",\"potentialAction\":[{\"@type\":\"ReadAction\",\"target\":[\"https:\/\/wp.autoexpo-portal.de\/index.php\/netiquette\/\"]}]},{\"@type\":\"BreadcrumbList\",\"@id\":\"https:\/\/wp.autoexpo-portal.de\/index.php\/netiquette\/#breadcrumb\",\"itemListElement\":[{\"@type\":\"ListItem\",\"position\":1,\"name\":\"Home\",\"item\":\"https:\/\/wp.autoexpo-portal.de\/\"},{\"@type\":\"ListItem\",\"position\":2,\"name\":\"Netiquette\"}]},{\"@type\":\"WebSite\",\"@id\":\"https:\/\/wp.autoexpo-portal.de\/#website\",\"url\":\"https:\/\/wp.autoexpo-portal.de\/\",\"name\":\"autoexpo\",\"description\":\"\ud83d\ude97 Einer der gr\u00f6\u00dften Gebrauchtwagenh\u00e4ndler in Europa: Leasingr\u00fcckl\u00e4ufer Autohandel \u2714\ufe0f 1.500+ Fahrzeuge \u2714\ufe0f Top-Preise \u25ba Jetzt online entdecken!\",\"publisher\":{\"@id\":\"https:\/\/wp.autoexpo-portal.de\/#organization\"},\"potentialAction\":[{\"@type\":\"SearchAction\",\"target\":{\"@type\":\"EntryPoint\",\"urlTemplate\":\"https:\/\/wp.autoexpo-portal.de\/?s={search_term_string}\"},\"query-input\":{\"@type\":\"PropertyValueSpecification\",\"valueRequired\":true,\"valueName\":\"search_term_string\"}}],\"inLanguage\":\"en-US\"},{\"@type\":\"Organization\",\"@id\":\"https:\/\/wp.autoexpo-portal.de\/#organization\",\"name\":\"autoexpo\",\"url\":\"https:\/\/wp.autoexpo-portal.de\/\",\"logo\":{\"@type\":\"ImageObject\",\"inLanguage\":\"en-US\",\"@id\":\"https:\/\/wp.autoexpo-portal.de\/#\/schema\/logo\/image\/\",\"url\":\"https:\/\/wp.autoexpo-portal.de\/wp-content\/uploads\/2025\/04\/logo-autoexpo-trans.png\",\"contentUrl\":\"https:\/\/wp.autoexpo-portal.de\/wp-content\/uploads\/2025\/04\/logo-autoexpo-trans.png\",\"width\":600,\"height\":113,\"caption\":\"autoexpo\"},\"image\":{\"@id\":\"https:\/\/wp.autoexpo-portal.de\/#\/schema\/logo\/image\/\"},\"sameAs\":[\"https:\/\/www.facebook.com\/autoexpofernwald\",\"https:\/\/www.instagram.com\/autoexpofernwald\/?hl=de\"]}]}<\/script>\n<!-- \/ Yoast SEO plugin. -->","yoast_head_json":{"title":"Netiquette - autoexpo \u2013 Gebrauchtwagen Autohaus | Leasingr\u00fcckl\u00e4ufer kaufen","robots":{"index":"index","follow":"follow","max-snippet":"max-snippet:-1","max-image-preview":"max-image-preview:large","max-video-preview":"max-video-preview:-1"},"canonical":"https:\/\/wp.autoexpo-portal.de\/index.php\/netiquette\/","og_locale":"en_US","og_type":"article","og_title":"Netiquette - autoexpo \u2013 Gebrauchtwagen Autohaus | Leasingr\u00fcckl\u00e4ufer kaufen","og_description":"Netiquette f\u00fcr Social Media Channel Willkommen auf den Social-Media-Kan\u00e4len der autoexpo Deutsche Auto-Markt GmbH! Wir freuen uns, dass unsere Beitr\u00e4ge und Themen dich zur Diskussion anregen und sind sehr gespannt auf deine Meinungen, Ansichten, Informationen oder auch konstruktive Kritiken. Wir begr\u00fc\u00dfen jede Art von R\u00fcckmeldung \u2013 naja vielleicht nicht jede, genau deshalb findest du hier &hellip; Continue reading \"Netiquette\"","og_url":"https:\/\/wp.autoexpo-portal.de\/index.php\/netiquette\/","og_site_name":"autoexpo \u2013 Gebrauchtwagen Autohaus | Leasingr\u00fcckl\u00e4ufer kaufen","article_publisher":"https:\/\/www.facebook.com\/autoexpofernwald","article_modified_time":"2025-06-11T08:20:55+00:00","twitter_card":"summary_large_image","twitter_misc":{"Est. reading time":"3 minutes"},"schema":{"@context":"https:\/\/schema.org","@graph":[{"@type":"WebPage","@id":"https:\/\/wp.autoexpo-portal.de\/index.php\/netiquette\/","url":"https:\/\/wp.autoexpo-portal.de\/index.php\/netiquette\/","name":"Netiquette - autoexpo \u2013 Gebrauchtwagen Autohaus | Leasingr\u00fcckl\u00e4ufer kaufen","isPartOf":{"@id":"https:\/\/wp.autoexpo-portal.de\/#website"},"datePublished":"2023-04-05T15:01:51+00:00","dateModified":"2025-06-11T08:20:55+00:00","breadcrumb":{"@id":"https:\/\/wp.autoexpo-portal.de\/index.php\/netiquette\/#breadcrumb"},"inLanguage":"en-US","potentialAction":[{"@type":"ReadAction","target":["https:\/\/wp.autoexpo-portal.de\/index.php\/netiquette\/"]}]},{"@type":"BreadcrumbList","@id":"https:\/\/wp.autoexpo-portal.de\/index.php\/netiquette\/#breadcrumb","itemListElement":[{"@type":"ListItem","position":1,"name":"Home","item":"https:\/\/wp.autoexpo-portal.de\/"},{"@type":"ListItem","position":2,"name":"Netiquette"}]},{"@type":"WebSite","@id":"https:\/\/wp.autoexpo-portal.de\/#website","url":"https:\/\/wp.autoexpo-portal.de\/","name":"autoexpo","description":"\ud83d\ude97 Einer der gr\u00f6\u00dften Gebrauchtwagenh\u00e4ndler in Europa: Leasingr\u00fcckl\u00e4ufer Autohandel \u2714\ufe0f 1.500+ Fahrzeuge \u2714\ufe0f Top-Preise \u25ba Jetzt online entdecken!","publisher":{"@id":"https:\/\/wp.autoexpo-portal.de\/#organization"},"potentialAction":[{"@type":"SearchAction","target":{"@type":"EntryPoint","urlTemplate":"https:\/\/wp.autoexpo-portal.de\/?s={search_term_string}"},"query-input":{"@type":"PropertyValueSpecification","valueRequired":true,"valueName":"search_term_string"}}],"inLanguage":"en-US"},{"@type":"Organization","@id":"https:\/\/wp.autoexpo-portal.de\/#organization","name":"autoexpo","url":"https:\/\/wp.autoexpo-portal.de\/","logo":{"@type":"ImageObject","inLanguage":"en-US","@id":"https:\/\/wp.autoexpo-portal.de\/#\/schema\/logo\/image\/","url":"https:\/\/wp.autoexpo-portal.de\/wp-content\/uploads\/2025\/04\/logo-autoexpo-trans.png","contentUrl":"https:\/\/wp.autoexpo-portal.de\/wp-content\/uploads\/2025\/04\/logo-autoexpo-trans.png","width":600,"height":113,"caption":"autoexpo"},"image":{"@id":"https:\/\/wp.autoexpo-portal.de\/#\/schema\/logo\/image\/"},"sameAs":["https:\/\/www.facebook.com\/autoexpofernwald","https:\/\/www.instagram.com\/autoexpofernwald\/?hl=de"]}]}},"_links":{"self":[{"href":"https:\/\/wp.autoexpo-portal.de\/index.php\/wp-json\/wp\/v2\/pages\/2676","targetHints":{"allow":["GET"]}}],"collection":[{"href":"https:\/\/wp.autoexpo-portal.de\/index.php\/wp-json\/wp\/v2\/pages"}],"about":[{"href":"https:\/\/wp.autoexpo-portal.de\/index.php\/wp-json\/wp\/v2\/types\/page"}],"author":[{"embeddable":true,"href":"https:\/\/wp.autoexpo-portal.de\/index.php\/wp-json\/wp\/v2\/users\/18"}],"replies":[{"embeddable":true,"href":"https:\/\/wp.autoexpo-portal.de\/index.php\/wp-json\/wp\/v2\/comments?post=2676"}],"version-history":[{"count":1,"href":"https:\/\/wp.autoexpo-portal.de\/index.php\/wp-json\/wp\/v2\/pages\/2676\/revisions"}],"predecessor-version":[{"id":3515,"href":"https:\/\/wp.autoexpo-portal.de\/index.php\/wp-json\/wp\/v2\/pages\/2676\/revisions\/3515"}],"wp:attachment":[{"href":"https:\/\/wp.autoexpo-portal.de\/index.php\/wp-json\/wp\/v2\/media?parent=2676"}],"curies":[{"name":"wp","href":"https:\/\/api.w.org\/{rel}","templated":true}]}}